{"id":8534,"date":"2024-12-11T10:49:24","date_gmt":"2024-12-11T18:49:24","guid":{"rendered":"https:\/\/vvch.innovisionwebsites.com\/promociones\/cash-is-king\/"},"modified":"2025-04-29T15:29:47","modified_gmt":"2025-04-29T22:29:47","slug":"cash-is-king","status":"publish","type":"page","link":"https:\/\/vvch.innovisionwebsites.com\/es\/promociones\/cash-is-king\/","title":{"rendered":"Cash Is King"},"content":{"rendered":"\t\t<div data-elementor-type=\"wp-page\" data-elementor-id=\"8534\" class=\"elementor elementor-8534 elementor-447\" data-elementor-post-type=\"page\">\n\t\t\t\t<div class=\"elementor-element elementor-element-81b6dfd e-con-full hero-child-pages e-flex e-con e-parent\" data-id=\"81b6dfd\" data-element_type=\"container\" data-e-type=\"container\" data-settings=\"{&quot;background_background&quot;:&quot;classic&quot;}\">\n\t\t<div class=\"elementor-element elementor-element-1a6ab31 e-flex e-con-boxed e-con e-child\" data-id=\"1a6ab31\" data-element_type=\"container\" data-e-type=\"container\" data-settings=\"{&quot;background_background&quot;:&quot;gradient&quot;}\">\n\t\t\t\t\t<div class=\"e-con-inner\">\n\t\t\t\t<div class=\"elementor-element elementor-element-d31ed29 gradient-text elementor-invisible elementor-widget elementor-widget-heading\" data-id=\"d31ed29\" data-element_type=\"widget\" data-e-type=\"widget\" data-settings=\"{&quot;_animation&quot;:&quot;fadeInUp&quot;}\" data-widget_type=\"heading.default\">\n\t\t\t\t<div class=\"elementor-widget-container\">\n\t\t\t\t\t<h1 class=\"elementor-heading-title elementor-size-default\">Cash Is King<\/h1>\t\t\t\t<\/div>\n\t\t\t\t<\/div>\n\t\t\t\t\t<\/div>\n\t\t\t\t<\/div>\n\t\t\t\t<\/div>\n\t\t<div class=\"elementor-element elementor-element-9b7c027 e-flex e-con-boxed e-con e-parent\" data-id=\"9b7c027\" data-element_type=\"container\" data-e-type=\"container\">\n\t\t\t\t\t<div class=\"e-con-inner\">\n\t\t<div class=\"elementor-element elementor-element-ddb2507 e-con-full e-flex e-con e-child\" data-id=\"ddb2507\" data-element_type=\"container\" data-e-type=\"container\">\n\t\t<div class=\"elementor-element elementor-element-2ca4a0d e-con-full e-flex e-con e-child\" data-id=\"2ca4a0d\" data-element_type=\"container\" data-e-type=\"container\">\n\t\t<div class=\"elementor-element elementor-element-6184052 e-con-full e-flex elementor-invisible e-con e-child\" data-id=\"6184052\" data-element_type=\"container\" data-e-type=\"container\" data-settings=\"{&quot;animation&quot;:&quot;fadeInRight&quot;,&quot;animation_tablet&quot;:&quot;fadeIn&quot;}\">\n\t\t\t\t<div class=\"elementor-element elementor-element-5967802 elementor-widget elementor-widget-image\" data-id=\"5967802\" data-element_type=\"widget\" data-e-type=\"widget\" data-widget_type=\"image.default\">\n\t\t\t\t<div class=\"elementor-widget-container\">\n\t\t\t\t\t\t\t\t\t\t\t\t\t\t\t<img fetchpriority=\"high\" decoding=\"async\" width=\"800\" height=\"444\" src=\"https:\/\/vvch.innovisionwebsites.com\/wp-content\/uploads\/2025\/04\/Cash-Is-King-1024x568.jpg\" class=\"attachment-large size-large wp-image-5948\" alt=\"Cash Is King May 2025\" srcset=\"https:\/\/vvch.innovisionwebsites.com\/wp-content\/uploads\/2025\/04\/Cash-Is-King-1024x568.jpg 1024w, https:\/\/vvch.innovisionwebsites.com\/wp-content\/uploads\/2025\/04\/Cash-Is-King-300x166.jpg 300w, https:\/\/vvch.innovisionwebsites.com\/wp-content\/uploads\/2025\/04\/Cash-Is-King-768x426.jpg 768w, https:\/\/vvch.innovisionwebsites.com\/wp-content\/uploads\/2025\/04\/Cash-Is-King.jpg 1094w\" sizes=\"(max-width: 800px) 100vw, 800px\" \/>\t\t\t\t\t\t\t\t\t\t\t\t\t\t\t<\/div>\n\t\t\t\t<\/div>\n\t\t\t\t<\/div>\n\t\t<div class=\"elementor-element elementor-element-62547cb e-con-full e-flex elementor-invisible e-con e-child\" data-id=\"62547cb\" data-element_type=\"container\" data-e-type=\"container\" data-settings=\"{&quot;animation&quot;:&quot;fadeInLeft&quot;,&quot;animation_tablet&quot;:&quot;fadeIn&quot;}\">\n\t\t<div class=\"elementor-element elementor-element-aaa8984 e-con-full e-flex e-con e-child\" data-id=\"aaa8984\" data-element_type=\"container\" data-e-type=\"container\">\n\t\t\t\t<div class=\"elementor-element elementor-element-dde60a8 elementor-widget elementor-widget-image\" data-id=\"dde60a8\" data-element_type=\"widget\" data-e-type=\"widget\" data-widget_type=\"image.default\">\n\t\t\t\t<div class=\"elementor-widget-container\">\n\t\t\t\t\t\t\t\t\t\t\t\t\t\t\t<img decoding=\"async\" width=\"800\" height=\"552\" src=\"https:\/\/vvch.innovisionwebsites.com\/wp-content\/uploads\/2025\/04\/Cash-is-King-Logo-Plain-1024x706.png\" class=\"attachment-large size-large wp-image-5675\" alt=\"Cash is King Logo\" srcset=\"https:\/\/vvch.innovisionwebsites.com\/wp-content\/uploads\/2025\/04\/Cash-is-King-Logo-Plain-1024x706.png 1024w, https:\/\/vvch.innovisionwebsites.com\/wp-content\/uploads\/2025\/04\/Cash-is-King-Logo-Plain-300x207.png 300w, https:\/\/vvch.innovisionwebsites.com\/wp-content\/uploads\/2025\/04\/Cash-is-King-Logo-Plain-768x530.png 768w, https:\/\/vvch.innovisionwebsites.com\/wp-content\/uploads\/2025\/04\/Cash-is-King-Logo-Plain-1536x1059.png 1536w, https:\/\/vvch.innovisionwebsites.com\/wp-content\/uploads\/2025\/04\/Cash-is-King-Logo-Plain-2048x1412.png 2048w\" sizes=\"(max-width: 800px) 100vw, 800px\" \/>\t\t\t\t\t\t\t\t\t\t\t\t\t\t\t<\/div>\n\t\t\t\t<\/div>\n\t\t\t\t<\/div>\n\t\t\t\t<div class=\"elementor-element elementor-element-a9ab4f2 elementor-widget elementor-widget-heading\" data-id=\"a9ab4f2\" data-element_type=\"widget\" data-e-type=\"widget\" data-widget_type=\"heading.default\">\n\t\t\t\t<div class=\"elementor-widget-container\">\n\t\t\t\t\t<h2 class=\"elementor-heading-title elementor-size-default\">GANA TU PARTE DE $10,000 DURANTE ESTE EMOCIONANTE EVENTO DE JUEGOS DE MESA<\/h2>\t\t\t\t<\/div>\n\t\t\t\t<\/div>\n\t\t\t\t<div class=\"elementor-element elementor-element-59fd652 elementor-widget elementor-widget-text-editor\" data-id=\"59fd652\" data-element_type=\"widget\" data-e-type=\"widget\" data-widget_type=\"text-editor.default\">\n\t\t\t\t<div class=\"elementor-widget-container\">\n\t\t\t\t\t\t\t\t\t<p>Obtenga sus entradas durante todo el mes a trav\u00e9s de <a href=\"https:\/\/vvch.innovisionwebsites.com\/es\/casino\/tragaperras-y-juegos-de-mesa\/\">juegos de mesa<\/a> usando su tarjeta de <a href=\"https:\/\/vvch.innovisionwebsites.com\/es\/el-club\/el-club-de-jugadores\/\">El Club de Jugadores<\/a>, y todos los martes y mi\u00e9rcoles, gane el doble de entradas aprovechando las entradas dobles de Cash Is King. Luego, vis\u00edtenos el s\u00e1bado 31 de mayo en el <a href=\"https:\/\/vvch.innovisionwebsites.com\/venue\/main-stage-bar\/\">Main Stage Bar<\/a> para el evento de este mes. <\/p><p>Se regalar\u00e1n $10,000 en efectivo a 45 invitados durante toda la noche, con sorteos para ganadores de $200 a las 7pm, 8pm, 9pm y 10pm. Adem\u00e1s, a las 10:30pm, habr\u00e1 un sorteo del gran premio de $400 cada uno para cinco afortunados jugadores. <\/p>\t\t\t\t\t\t\t\t<\/div>\n\t\t\t\t<\/div>\n\t\t\t\t<\/div>\n\t\t\t\t<\/div>\n\t\t\t\t<\/div>\n\t\t<div class=\"elementor-element elementor-element-9c5f2cd e-con-full e-flex e-con e-child\" data-id=\"9c5f2cd\" data-element_type=\"container\" data-e-type=\"container\">\n\t\t\t\t<\/div>\n\t\t\t\t\t<\/div>\n\t\t\t\t<\/div>\n\t\t\t\t<\/div>\n\t\t","protected":false},"excerpt":{"rendered":"<p>GANA TU PARTE DE $10,000 DURANTE ESTE EMOCIONANTE EVENTO DE JUEGOS DE MESA Obtenga sus entradas durante todo el mes a trav\u00e9s de juegos de mesa usando su tarjeta de [&hellip;]<\/p>\n","protected":false},"author":2,"featured_media":0,"parent":4541,"menu_order":0,"comment_status":"closed","ping_status":"closed","template":"","meta":{"_acf_changed":false,"inline_featured_image":false,"footnotes":""},"class_list":["post-8534","page","type-page","status-publish","hentry"],"acf":[],"_links":{"self":[{"href":"https:\/\/vvch.innovisionwebsites.com\/es\/wp-json\/wp\/v2\/pages\/8534","targetHints":{"allow":["GET"]}}],"collection":[{"href":"https:\/\/vvch.innovisionwebsites.com\/es\/wp-json\/wp\/v2\/pages"}],"about":[{"href":"https:\/\/vvch.innovisionwebsites.com\/es\/wp-json\/wp\/v2\/types\/page"}],"author":[{"embeddable":true,"href":"https:\/\/vvch.innovisionwebsites.com\/es\/wp-json\/wp\/v2\/users\/2"}],"replies":[{"embeddable":true,"href":"https:\/\/vvch.innovisionwebsites.com\/es\/wp-json\/wp\/v2\/comments?post=8534"}],"version-history":[{"count":5,"href":"https:\/\/vvch.innovisionwebsites.com\/es\/wp-json\/wp\/v2\/pages\/8534\/revisions"}],"predecessor-version":[{"id":8722,"href":"https:\/\/vvch.innovisionwebsites.com\/es\/wp-json\/wp\/v2\/pages\/8534\/revisions\/8722"}],"up":[{"embeddable":true,"href":"https:\/\/vvch.innovisionwebsites.com\/es\/wp-json\/wp\/v2\/pages\/4541"}],"wp:attachment":[{"href":"https:\/\/vvch.innovisionwebsites.com\/es\/wp-json\/wp\/v2\/media?parent=8534"}],"curies":[{"name":"wp","href":"https:\/\/api.w.org\/{rel}","templated":true}]}}