{"id":8543,"date":"2024-12-11T10:49:57","date_gmt":"2024-12-11T18:49:57","guid":{"rendered":"https:\/\/vvch.innovisionwebsites.com\/promociones\/wear-it-wednesdays\/"},"modified":"2025-04-28T18:04:38","modified_gmt":"2025-04-29T01:04:38","slug":"wear-it-wednesdays","status":"publish","type":"page","link":"https:\/\/vvch.innovisionwebsites.com\/es\/promociones\/wear-it-wednesdays\/","title":{"rendered":"Wear It Wednesdays"},"content":{"rendered":"\t\t<div data-elementor-type=\"wp-page\" data-elementor-id=\"8543\" class=\"elementor elementor-8543 elementor-448\" data-elementor-post-type=\"page\">\n\t\t\t\t<div class=\"elementor-element elementor-element-2a2303e e-con-full hero-child-pages e-flex e-con e-parent\" data-id=\"2a2303e\" data-element_type=\"container\" data-e-type=\"container\" data-settings=\"{&quot;background_background&quot;:&quot;classic&quot;}\">\n\t\t<div class=\"elementor-element elementor-element-98d5fdd e-flex e-con-boxed e-con e-child\" data-id=\"98d5fdd\" data-element_type=\"container\" data-e-type=\"container\" data-settings=\"{&quot;background_background&quot;:&quot;gradient&quot;}\">\n\t\t\t\t\t<div class=\"e-con-inner\">\n\t\t\t\t<div class=\"elementor-element elementor-element-f414b48 gradient-text elementor-invisible elementor-widget elementor-widget-heading\" data-id=\"f414b48\" data-element_type=\"widget\" data-e-type=\"widget\" data-settings=\"{&quot;_animation&quot;:&quot;fadeInUp&quot;}\" data-widget_type=\"heading.default\">\n\t\t\t\t<div class=\"elementor-widget-container\">\n\t\t\t\t\t<h1 class=\"elementor-heading-title elementor-size-default\">Wear It Wednesdays<\/h1>\t\t\t\t<\/div>\n\t\t\t\t<\/div>\n\t\t\t\t\t<\/div>\n\t\t\t\t<\/div>\n\t\t\t\t<\/div>\n\t\t<div class=\"elementor-element elementor-element-422ac1c e-flex e-con-boxed e-con e-parent\" data-id=\"422ac1c\" data-element_type=\"container\" data-e-type=\"container\">\n\t\t\t\t\t<div class=\"e-con-inner\">\n\t\t<div class=\"elementor-element elementor-element-30ebb67 e-con-full e-flex e-con e-child\" data-id=\"30ebb67\" data-element_type=\"container\" data-e-type=\"container\">\n\t\t<div class=\"elementor-element elementor-element-d1c1294 e-con-full e-flex e-con e-child\" data-id=\"d1c1294\" data-element_type=\"container\" data-e-type=\"container\">\n\t\t<div class=\"elementor-element elementor-element-ad02829 e-con-full e-flex elementor-invisible e-con e-child\" data-id=\"ad02829\" data-element_type=\"container\" data-e-type=\"container\" data-settings=\"{&quot;animation&quot;:&quot;fadeInRight&quot;,&quot;animation_tablet&quot;:&quot;fadeIn&quot;}\">\n\t\t\t\t<div class=\"elementor-element elementor-element-4a70ea6 elementor-widget elementor-widget-image\" data-id=\"4a70ea6\" data-element_type=\"widget\" data-e-type=\"widget\" data-widget_type=\"image.default\">\n\t\t\t\t<div class=\"elementor-widget-container\">\n\t\t\t\t\t\t\t\t\t\t\t\t\t\t\t<img fetchpriority=\"high\" decoding=\"async\" width=\"800\" height=\"444\" src=\"https:\/\/vvch.innovisionwebsites.com\/wp-content\/uploads\/2025\/04\/T-Shirt-Web-1024x568.jpg\" class=\"attachment-large size-large wp-image-5964\" alt=\"Wear It Wednesdays May 2025\" srcset=\"https:\/\/vvch.innovisionwebsites.com\/wp-content\/uploads\/2025\/04\/T-Shirt-Web-1024x568.jpg 1024w, https:\/\/vvch.innovisionwebsites.com\/wp-content\/uploads\/2025\/04\/T-Shirt-Web-300x166.jpg 300w, https:\/\/vvch.innovisionwebsites.com\/wp-content\/uploads\/2025\/04\/T-Shirt-Web-768x426.jpg 768w, https:\/\/vvch.innovisionwebsites.com\/wp-content\/uploads\/2025\/04\/T-Shirt-Web.jpg 1094w\" sizes=\"(max-width: 800px) 100vw, 800px\" \/>\t\t\t\t\t\t\t\t\t\t\t\t\t\t\t<\/div>\n\t\t\t\t<\/div>\n\t\t\t\t<\/div>\n\t\t<div class=\"elementor-element elementor-element-47a7c34 e-con-full e-flex elementor-invisible e-con e-child\" data-id=\"47a7c34\" data-element_type=\"container\" data-e-type=\"container\" data-settings=\"{&quot;animation&quot;:&quot;fadeInLeft&quot;,&quot;animation_tablet&quot;:&quot;fadeIn&quot;}\">\n\t\t\t\t<div class=\"elementor-element elementor-element-9be16a7 elementor-widget elementor-widget-image\" data-id=\"9be16a7\" data-element_type=\"widget\" data-e-type=\"widget\" data-widget_type=\"image.default\">\n\t\t\t\t<div class=\"elementor-widget-container\">\n\t\t\t\t\t\t\t\t\t\t\t\t\t\t\t<img decoding=\"async\" width=\"800\" height=\"696\" src=\"https:\/\/vvch.innovisionwebsites.com\/wp-content\/uploads\/2025\/04\/Wear-It-Wednesdays-Logo-Final-1024x891.png\" class=\"attachment-large size-large wp-image-5716\" alt=\"Wear It Wednesdays Logo\" srcset=\"https:\/\/vvch.innovisionwebsites.com\/wp-content\/uploads\/2025\/04\/Wear-It-Wednesdays-Logo-Final-1024x891.png 1024w, https:\/\/vvch.innovisionwebsites.com\/wp-content\/uploads\/2025\/04\/Wear-It-Wednesdays-Logo-Final-300x261.png 300w, https:\/\/vvch.innovisionwebsites.com\/wp-content\/uploads\/2025\/04\/Wear-It-Wednesdays-Logo-Final-768x668.png 768w, https:\/\/vvch.innovisionwebsites.com\/wp-content\/uploads\/2025\/04\/Wear-It-Wednesdays-Logo-Final-1536x1336.png 1536w, https:\/\/vvch.innovisionwebsites.com\/wp-content\/uploads\/2025\/04\/Wear-It-Wednesdays-Logo-Final-2048x1782.png 2048w\" sizes=\"(max-width: 800px) 100vw, 800px\" \/>\t\t\t\t\t\t\t\t\t\t\t\t\t\t\t<\/div>\n\t\t\t\t<\/div>\n\t\t\t\t<div class=\"elementor-element elementor-element-f7a6c5f elementor-widget elementor-widget-heading\" data-id=\"f7a6c5f\" data-element_type=\"widget\" data-e-type=\"widget\" data-widget_type=\"heading.default\">\n\t\t\t\t<div class=\"elementor-widget-container\">\n\t\t\t\t\t<h2 class=\"elementor-heading-title elementor-size-default\">RECIBE UNA CAMISETA GRATIS LOS MI\u00c9RCOLES<\/h2>\t\t\t\t<\/div>\n\t\t\t\t<\/div>\n\t\t\t\t<div class=\"elementor-element elementor-element-b434560 elementor-widget elementor-widget-text-editor\" data-id=\"b434560\" data-element_type=\"widget\" data-e-type=\"widget\" data-widget_type=\"text-editor.default\">\n\t\t\t\t<div class=\"elementor-widget-container\">\n\t\t\t\t\t\t\t\t\t<p>Por favor \u00fanase con nosotros en cualquier mi\u00e9rcoles de Abril para recibir una camiseta de Valley View gratis, disponible en varios colores y tama\u00f1os.<\/p><p>\u00a1Visite nuestro <a href=\"https:\/\/vvch.innovisionwebsites.com\/es\/el-club\/el-club-de-jugadores\/\">Club de Jugadores<\/a> para obtener m\u00e1s informaci\u00f3n!<\/p>\t\t\t\t\t\t\t\t<\/div>\n\t\t\t\t<\/div>\n\t\t\t\t<\/div>\n\t\t\t\t<\/div>\n\t\t\t\t<\/div>\n\t\t\t\t\t<\/div>\n\t\t\t\t<\/div>\n\t\t<div class=\"elementor-element elementor-element-6de5c57 e-flex e-con-boxed e-con e-parent\" data-id=\"6de5c57\" data-element_type=\"container\" data-e-type=\"container\">\n\t\t\t\t\t<div class=\"e-con-inner\">\n\t\t\t\t\t<\/div>\n\t\t\t\t<\/div>\n\t\t\t\t<\/div>\n\t\t","protected":false},"excerpt":{"rendered":"<p>RECIBE UNA CAMISETA GRATIS LOS MI\u00c9RCOLES Por favor \u00fanase con nosotros en cualquier mi\u00e9rcoles de Abril para recibir una camiseta de Valley View gratis, disponible en varios colores y tama\u00f1os. [&hellip;]<\/p>\n","protected":false},"author":2,"featured_media":4403,"parent":4541,"menu_order":0,"comment_status":"closed","ping_status":"closed","template":"","meta":{"_acf_changed":false,"inline_featured_image":false,"footnotes":""},"class_list":["post-8543","page","type-page","status-publish","has-post-thumbnail","hentry"],"acf":[],"_links":{"self":[{"href":"https:\/\/vvch.innovisionwebsites.com\/es\/wp-json\/wp\/v2\/pages\/8543","targetHints":{"allow":["GET"]}}],"collection":[{"href":"https:\/\/vvch.innovisionwebsites.com\/es\/wp-json\/wp\/v2\/pages"}],"about":[{"href":"https:\/\/vvch.innovisionwebsites.com\/es\/wp-json\/wp\/v2\/types\/page"}],"author":[{"embeddable":true,"href":"https:\/\/vvch.innovisionwebsites.com\/es\/wp-json\/wp\/v2\/users\/2"}],"replies":[{"embeddable":true,"href":"https:\/\/vvch.innovisionwebsites.com\/es\/wp-json\/wp\/v2\/comments?post=8543"}],"version-history":[{"count":2,"href":"https:\/\/vvch.innovisionwebsites.com\/es\/wp-json\/wp\/v2\/pages\/8543\/revisions"}],"predecessor-version":[{"id":8545,"href":"https:\/\/vvch.innovisionwebsites.com\/es\/wp-json\/wp\/v2\/pages\/8543\/revisions\/8545"}],"up":[{"embeddable":true,"href":"https:\/\/vvch.innovisionwebsites.com\/es\/wp-json\/wp\/v2\/pages\/4541"}],"wp:featuredmedia":[{"embeddable":true,"href":"https:\/\/vvch.innovisionwebsites.com\/es\/wp-json\/wp\/v2\/media\/4403"}],"wp:attachment":[{"href":"https:\/\/vvch.innovisionwebsites.com\/es\/wp-json\/wp\/v2\/media?parent=8543"}],"curies":[{"name":"wp","href":"https:\/\/api.w.org\/{rel}","templated":true}]}}