{"id":8549,"date":"2025-04-23T14:39:56","date_gmt":"2025-04-23T21:39:56","guid":{"rendered":"https:\/\/vvch.innovisionwebsites.com\/promociones\/100000-great-big-cash-giveaway\/"},"modified":"2025-12-03T09:43:36","modified_gmt":"2025-12-03T17:43:36","slug":"100000-great-big-cash-giveaway","status":"publish","type":"page","link":"https:\/\/vvch.innovisionwebsites.com\/es\/promociones\/100000-great-big-cash-giveaway\/","title":{"rendered":"$100,000 Great Big Cash Giveaway"},"content":{"rendered":"\t\t<div data-elementor-type=\"wp-page\" data-elementor-id=\"8549\" class=\"elementor elementor-8549 elementor-8300\" data-elementor-post-type=\"page\">\n\t\t\t\t<div class=\"elementor-element elementor-element-81b6dfd e-con-full hero-child-pages e-flex e-con e-parent\" data-id=\"81b6dfd\" data-element_type=\"container\" data-e-type=\"container\" data-settings=\"{&quot;background_background&quot;:&quot;classic&quot;}\">\n\t\t<div class=\"elementor-element elementor-element-1a6ab31 e-flex e-con-boxed e-con e-child\" data-id=\"1a6ab31\" data-element_type=\"container\" data-e-type=\"container\" data-settings=\"{&quot;background_background&quot;:&quot;gradient&quot;}\">\n\t\t\t\t\t<div class=\"e-con-inner\">\n\t\t\t\t<div class=\"elementor-element elementor-element-d31ed29 gradient-text elementor-invisible elementor-widget elementor-widget-heading\" data-id=\"d31ed29\" data-element_type=\"widget\" data-e-type=\"widget\" data-settings=\"{&quot;_animation&quot;:&quot;fadeInUp&quot;}\" data-widget_type=\"heading.default\">\n\t\t\t\t<div class=\"elementor-widget-container\">\n\t\t\t\t\t<h1 class=\"elementor-heading-title elementor-size-default\">$100,000 Great Big Cash Giveaway<\/h1>\t\t\t\t<\/div>\n\t\t\t\t<\/div>\n\t\t\t\t\t<\/div>\n\t\t\t\t<\/div>\n\t\t\t\t<\/div>\n\t\t<div class=\"elementor-element elementor-element-9b7c027 e-flex e-con-boxed e-con e-parent\" data-id=\"9b7c027\" data-element_type=\"container\" data-e-type=\"container\">\n\t\t\t\t\t<div class=\"e-con-inner\">\n\t\t<div class=\"elementor-element elementor-element-ddb2507 e-con-full e-flex e-con e-child\" data-id=\"ddb2507\" data-element_type=\"container\" data-e-type=\"container\">\n\t\t<div class=\"elementor-element elementor-element-2ca4a0d e-con-full e-flex e-con e-child\" data-id=\"2ca4a0d\" data-element_type=\"container\" data-e-type=\"container\">\n\t\t<div class=\"elementor-element elementor-element-6184052 e-con-full e-flex elementor-invisible e-con e-child\" data-id=\"6184052\" data-element_type=\"container\" data-e-type=\"container\" data-settings=\"{&quot;animation&quot;:&quot;fadeInRight&quot;,&quot;animation_tablet&quot;:&quot;fadeIn&quot;}\">\n\t\t\t\t<div class=\"elementor-element elementor-element-5967802 elementor-widget elementor-widget-image\" data-id=\"5967802\" data-element_type=\"widget\" data-e-type=\"widget\" data-widget_type=\"image.default\">\n\t\t\t\t<div class=\"elementor-widget-container\">\n\t\t\t\t\t\t\t\t\t\t\t\t\t\t\t<img fetchpriority=\"high\" decoding=\"async\" width=\"800\" height=\"444\" src=\"https:\/\/vvch.innovisionwebsites.com\/wp-content\/uploads\/2025\/08\/Great-Big-Cash-Giveaway-1-1024x568.jpg\" class=\"attachment-large size-large wp-image-9983\" alt=\"\" srcset=\"https:\/\/vvch.innovisionwebsites.com\/wp-content\/uploads\/2025\/08\/Great-Big-Cash-Giveaway-1-1024x568.jpg 1024w, https:\/\/vvch.innovisionwebsites.com\/wp-content\/uploads\/2025\/08\/Great-Big-Cash-Giveaway-1-300x166.jpg 300w, https:\/\/vvch.innovisionwebsites.com\/wp-content\/uploads\/2025\/08\/Great-Big-Cash-Giveaway-1-768x426.jpg 768w, https:\/\/vvch.innovisionwebsites.com\/wp-content\/uploads\/2025\/08\/Great-Big-Cash-Giveaway-1.jpg 1094w\" sizes=\"(max-width: 800px) 100vw, 800px\" \/>\t\t\t\t\t\t\t\t\t\t\t\t\t\t\t<\/div>\n\t\t\t\t<\/div>\n\t\t\t\t<\/div>\n\t\t<div class=\"elementor-element elementor-element-62547cb e-con-full e-flex elementor-invisible e-con e-child\" data-id=\"62547cb\" data-element_type=\"container\" data-e-type=\"container\" data-settings=\"{&quot;animation&quot;:&quot;fadeInLeft&quot;,&quot;animation_tablet&quot;:&quot;fadeIn&quot;}\">\n\t\t<div class=\"elementor-element elementor-element-aaa8984 e-con-full e-flex e-con e-child\" data-id=\"aaa8984\" data-element_type=\"container\" data-e-type=\"container\">\n\t\t\t\t<div class=\"elementor-element elementor-element-dde60a8 elementor-widget elementor-widget-image\" data-id=\"dde60a8\" data-element_type=\"widget\" data-e-type=\"widget\" data-widget_type=\"image.default\">\n\t\t\t\t<div class=\"elementor-widget-container\">\n\t\t\t\t\t\t\t\t\t\t\t\t\t\t\t<img decoding=\"async\" width=\"800\" height=\"639\" src=\"https:\/\/vvch.innovisionwebsites.com\/wp-content\/uploads\/2025\/04\/GB-Cash-Giveaway-Logo-Final-1024x818.png\" class=\"attachment-large size-large wp-image-5694\" alt=\"\" srcset=\"https:\/\/vvch.innovisionwebsites.com\/wp-content\/uploads\/2025\/04\/GB-Cash-Giveaway-Logo-Final-1024x818.png 1024w, https:\/\/vvch.innovisionwebsites.com\/wp-content\/uploads\/2025\/04\/GB-Cash-Giveaway-Logo-Final-300x240.png 300w, https:\/\/vvch.innovisionwebsites.com\/wp-content\/uploads\/2025\/04\/GB-Cash-Giveaway-Logo-Final-768x613.png 768w, https:\/\/vvch.innovisionwebsites.com\/wp-content\/uploads\/2025\/04\/GB-Cash-Giveaway-Logo-Final-1536x1227.png 1536w, https:\/\/vvch.innovisionwebsites.com\/wp-content\/uploads\/2025\/04\/GB-Cash-Giveaway-Logo-Final-2048x1636.png 2048w\" sizes=\"(max-width: 800px) 100vw, 800px\" \/>\t\t\t\t\t\t\t\t\t\t\t\t\t\t\t<\/div>\n\t\t\t\t<\/div>\n\t\t\t\t<\/div>\n\t\t\t\t<div class=\"elementor-element elementor-element-a9ab4f2 elementor-widget elementor-widget-heading\" data-id=\"a9ab4f2\" data-element_type=\"widget\" data-e-type=\"widget\" data-widget_type=\"heading.default\">\n\t\t\t\t<div class=\"elementor-widget-container\">\n\t\t\t\t\t<h2 class=\"elementor-heading-title elementor-size-default\">\u00a1GANE SU PARTE DE $100,000!<\/h2>\t\t\t\t<\/div>\n\t\t\t\t<\/div>\n\t\t\t\t<div class=\"elementor-element elementor-element-59fd652 elementor-widget elementor-widget-text-editor\" data-id=\"59fd652\" data-element_type=\"widget\" data-e-type=\"widget\" data-widget_type=\"text-editor.default\">\n\t\t\t\t<div class=\"elementor-widget-container\">\n\t\t\t\t\t\t\t\t\t<p>\u00danete a nosotros en nuestro Gran Sorteo de 100.000 $ en el que podr\u00e1s ser uno de los 500 invitados que ganen 200 $. Vis\u00edtanos el s\u00e1bado 17 de mayo de 4pm\u201311pm, donde se elegir\u00e1n varios ganadores cada 30 minutos en todo el casino. \u00a1S\u00f3lo tienes que jugar a tus <a href=\"https:\/\/vvch.innovisionwebsites.com\/es\/casino\/tragaperras-y-juegos-de-mesa\/\">m\u00e1quinas tragamonedas y juegos de mesa<\/a> favoritos para ganar!  <\/p>\t\t\t\t\t\t\t\t<\/div>\n\t\t\t\t<\/div>\n\t\t\t\t<\/div>\n\t\t\t\t<\/div>\n\t\t\t\t<\/div>\n\t\t<div class=\"elementor-element elementor-element-9c5f2cd e-con-full e-flex e-con e-child\" data-id=\"9c5f2cd\" data-element_type=\"container\" data-e-type=\"container\">\n\t\t\t\t<\/div>\n\t\t\t\t\t<\/div>\n\t\t\t\t<\/div>\n\t\t\t\t<\/div>\n\t\t","protected":false},"excerpt":{"rendered":"<p>\u00a1GANE SU PARTE DE $100,000! \u00danete a nosotros en nuestro Gran Sorteo de 100.000 $ en el que podr\u00e1s ser uno de los 500 invitados que ganen 200 $. Vis\u00edtanos [&hellip;]<\/p>\n","protected":false},"author":7,"featured_media":0,"parent":4541,"menu_order":0,"comment_status":"closed","ping_status":"closed","template":"","meta":{"_acf_changed":false,"inline_featured_image":false,"footnotes":""},"class_list":["post-8549","page","type-page","status-publish","hentry"],"acf":[],"_links":{"self":[{"href":"https:\/\/vvch.innovisionwebsites.com\/es\/wp-json\/wp\/v2\/pages\/8549","targetHints":{"allow":["GET"]}}],"collection":[{"href":"https:\/\/vvch.innovisionwebsites.com\/es\/wp-json\/wp\/v2\/pages"}],"about":[{"href":"https:\/\/vvch.innovisionwebsites.com\/es\/wp-json\/wp\/v2\/types\/page"}],"author":[{"embeddable":true,"href":"https:\/\/vvch.innovisionwebsites.com\/es\/wp-json\/wp\/v2\/users\/7"}],"replies":[{"embeddable":true,"href":"https:\/\/vvch.innovisionwebsites.com\/es\/wp-json\/wp\/v2\/comments?post=8549"}],"version-history":[{"count":10,"href":"https:\/\/vvch.innovisionwebsites.com\/es\/wp-json\/wp\/v2\/pages\/8549\/revisions"}],"predecessor-version":[{"id":10827,"href":"https:\/\/vvch.innovisionwebsites.com\/es\/wp-json\/wp\/v2\/pages\/8549\/revisions\/10827"}],"up":[{"embeddable":true,"href":"https:\/\/vvch.innovisionwebsites.com\/es\/wp-json\/wp\/v2\/pages\/4541"}],"wp:attachment":[{"href":"https:\/\/vvch.innovisionwebsites.com\/es\/wp-json\/wp\/v2\/media?parent=8549"}],"curies":[{"name":"wp","href":"https:\/\/api.w.org\/{rel}","templated":true}]}}