{"id":8565,"date":"2024-12-11T10:51:55","date_gmt":"2024-12-11T18:51:55","guid":{"rendered":"https:\/\/vvch.innovisionwebsites.com\/promociones\/thirsty-thursdays\/"},"modified":"2025-09-05T16:23:07","modified_gmt":"2025-09-05T23:23:07","slug":"thirsty-thursdays","status":"publish","type":"page","link":"https:\/\/vvch.innovisionwebsites.com\/es\/promociones\/thirsty-thursdays\/","title":{"rendered":"Thirsty Thursdays"},"content":{"rendered":"\t\t<div data-elementor-type=\"wp-page\" data-elementor-id=\"8565\" class=\"elementor elementor-8565 elementor-502\" data-elementor-post-type=\"page\">\n\t\t\t\t<div class=\"elementor-element elementor-element-ee928bc e-con-full hero-child-pages e-flex e-con e-parent\" data-id=\"ee928bc\" data-element_type=\"container\" data-e-type=\"container\" data-settings=\"{&quot;background_background&quot;:&quot;classic&quot;}\">\n\t\t<div class=\"elementor-element elementor-element-cb43129 e-flex e-con-boxed e-con e-child\" data-id=\"cb43129\" data-element_type=\"container\" data-e-type=\"container\" data-settings=\"{&quot;background_background&quot;:&quot;gradient&quot;}\">\n\t\t\t\t\t<div class=\"e-con-inner\">\n\t\t\t\t<div class=\"elementor-element elementor-element-00a8144 gradient-text elementor-invisible elementor-widget elementor-widget-heading\" data-id=\"00a8144\" data-element_type=\"widget\" data-e-type=\"widget\" data-settings=\"{&quot;_animation&quot;:&quot;fadeInUp&quot;}\" data-widget_type=\"heading.default\">\n\t\t\t\t<div class=\"elementor-widget-container\">\n\t\t\t\t\t<h1 class=\"elementor-heading-title elementor-size-default\">Thirsty Thursdays<\/h1>\t\t\t\t<\/div>\n\t\t\t\t<\/div>\n\t\t\t\t\t<\/div>\n\t\t\t\t<\/div>\n\t\t\t\t<\/div>\n\t\t<div class=\"elementor-element elementor-element-b07ac23 e-flex e-con-boxed e-con e-parent\" data-id=\"b07ac23\" data-element_type=\"container\" data-e-type=\"container\">\n\t\t\t\t\t<div class=\"e-con-inner\">\n\t\t<div class=\"elementor-element elementor-element-e875063 e-con-full e-flex e-con e-child\" data-id=\"e875063\" data-element_type=\"container\" data-e-type=\"container\">\n\t\t<div class=\"elementor-element elementor-element-5de6a00 e-con-full e-flex e-con e-child\" data-id=\"5de6a00\" data-element_type=\"container\" data-e-type=\"container\">\n\t\t<div class=\"elementor-element elementor-element-ba48e41 e-con-full e-flex elementor-invisible e-con e-child\" data-id=\"ba48e41\" data-element_type=\"container\" data-e-type=\"container\" data-settings=\"{&quot;animation&quot;:&quot;fadeInRight&quot;,&quot;animation_tablet&quot;:&quot;fadeIn&quot;}\">\n\t\t\t\t<div class=\"elementor-element elementor-element-8f2f40d elementor-widget elementor-widget-image\" data-id=\"8f2f40d\" data-element_type=\"widget\" data-e-type=\"widget\" data-widget_type=\"image.default\">\n\t\t\t\t<div class=\"elementor-widget-container\">\n\t\t\t\t\t\t\t\t\t\t\t\t\t\t\t<img fetchpriority=\"high\" decoding=\"async\" width=\"800\" height=\"444\" src=\"https:\/\/vvch.innovisionwebsites.com\/wp-content\/uploads\/2025\/09\/NEW-Thirsty-Thursdays-1024x568.jpg\" class=\"attachment-large size-large wp-image-10191\" alt=\"\" srcset=\"https:\/\/vvch.innovisionwebsites.com\/wp-content\/uploads\/2025\/09\/NEW-Thirsty-Thursdays-1024x568.jpg 1024w, https:\/\/vvch.innovisionwebsites.com\/wp-content\/uploads\/2025\/09\/NEW-Thirsty-Thursdays-300x166.jpg 300w, https:\/\/vvch.innovisionwebsites.com\/wp-content\/uploads\/2025\/09\/NEW-Thirsty-Thursdays-768x426.jpg 768w, https:\/\/vvch.innovisionwebsites.com\/wp-content\/uploads\/2025\/09\/NEW-Thirsty-Thursdays.jpg 1094w\" sizes=\"(max-width: 800px) 100vw, 800px\" \/>\t\t\t\t\t\t\t\t\t\t\t\t\t\t\t<\/div>\n\t\t\t\t<\/div>\n\t\t\t\t<\/div>\n\t\t<div class=\"elementor-element elementor-element-2623ee2 e-con-full e-flex elementor-invisible e-con e-child\" data-id=\"2623ee2\" data-element_type=\"container\" data-e-type=\"container\" data-settings=\"{&quot;animation&quot;:&quot;fadeInLeft&quot;,&quot;animation_tablet&quot;:&quot;fadeIn&quot;}\">\n\t\t\t\t<div class=\"elementor-element elementor-element-caafef8 elementor-widget elementor-widget-image\" data-id=\"caafef8\" data-element_type=\"widget\" data-e-type=\"widget\" data-widget_type=\"image.default\">\n\t\t\t\t<div class=\"elementor-widget-container\">\n\t\t\t\t\t\t\t\t\t\t\t\t\t\t\t<img decoding=\"async\" width=\"800\" height=\"658\" src=\"https:\/\/vvch.innovisionwebsites.com\/wp-content\/uploads\/2025\/04\/VVC_Thirsty-Thursdays_Logo-2020-Plain-1024x842.png\" class=\"attachment-large size-large wp-image-5714\" alt=\"VVC Thirsty Thursdays\" srcset=\"https:\/\/vvch.innovisionwebsites.com\/wp-content\/uploads\/2025\/04\/VVC_Thirsty-Thursdays_Logo-2020-Plain-1024x842.png 1024w, https:\/\/vvch.innovisionwebsites.com\/wp-content\/uploads\/2025\/04\/VVC_Thirsty-Thursdays_Logo-2020-Plain-300x247.png 300w, https:\/\/vvch.innovisionwebsites.com\/wp-content\/uploads\/2025\/04\/VVC_Thirsty-Thursdays_Logo-2020-Plain-768x631.png 768w, https:\/\/vvch.innovisionwebsites.com\/wp-content\/uploads\/2025\/04\/VVC_Thirsty-Thursdays_Logo-2020-Plain-1536x1263.png 1536w, https:\/\/vvch.innovisionwebsites.com\/wp-content\/uploads\/2025\/04\/VVC_Thirsty-Thursdays_Logo-2020-Plain-2048x1684.png 2048w\" sizes=\"(max-width: 800px) 100vw, 800px\" \/>\t\t\t\t\t\t\t\t\t\t\t\t\t\t\t<\/div>\n\t\t\t\t<\/div>\n\t\t\t\t<div class=\"elementor-element elementor-element-e810665 elementor-widget elementor-widget-heading\" data-id=\"e810665\" data-element_type=\"widget\" data-e-type=\"widget\" data-widget_type=\"heading.default\">\n\t\t\t\t<div class=\"elementor-widget-container\">\n\t\t\t\t\t<h2 class=\"elementor-heading-title elementor-size-default\">DISFRUTE DE NUESTRA INCRE\u00cdBLE PROMOCI\u00d3N THIRSTY THURSDAYS<\/h2>\t\t\t\t<\/div>\n\t\t\t\t<\/div>\n\t\t\t\t<div class=\"elementor-element elementor-element-dac93ee elementor-widget elementor-widget-text-editor\" data-id=\"dac93ee\" data-element_type=\"widget\" data-e-type=\"widget\" data-widget_type=\"text-editor.default\">\n\t\t\t\t<div class=\"elementor-widget-container\">\n\t\t\t\t\t\t\t\t\t<p>Vis\u00edtenos en <a href=\"https:\/\/vvch.innovisionwebsites.com\/es\/\">Valley View Casino &amp; Hotel<\/a> para nuestra promoci\u00f3n Thirsty Thursdays, donde podr\u00e1 disfrutar de una cerveza de barril helada a $4, vinos seleccionados a $5 y cocteles refrescantes a $6.<\/p><p>Disfrute de estas ofertas especiales en cualquiera de nuestros <a href=\"https:\/\/vvch.innovisionwebsites.com\/es\/los-restaurantes\/\">restaurantes galardonados<\/a>, bares convenientes o mientras juega sus <a href=\"https:\/\/vvch.innovisionwebsites.com\/casino\/slots\/\">m\u00e1quinas tragamonedas<\/a> y <a href=\"https:\/\/vvch.innovisionwebsites.com\/casino\/table-games\/\">juegos de mesa<\/a> favoritos. \u00a1No querr\u00e1 perderse estas saciantes ofertas! <\/p>\t\t\t\t\t\t\t\t<\/div>\n\t\t\t\t<\/div>\n\t\t\t\t<\/div>\n\t\t\t\t<\/div>\n\t\t\t\t<\/div>\n\t\t<div class=\"elementor-element elementor-element-7ccbbd0 e-con-full e-flex e-con e-child\" data-id=\"7ccbbd0\" data-element_type=\"container\" data-e-type=\"container\">\n\t\t\t\t<\/div>\n\t\t\t\t\t<\/div>\n\t\t\t\t<\/div>\n\t\t\t\t<\/div>\n\t\t","protected":false},"excerpt":{"rendered":"<p>DISFRUTE DE NUESTRA INCRE\u00cdBLE PROMOCI\u00d3N THIRSTY THURSDAYS Vis\u00edtenos en Valley View Casino &amp; Hotel para nuestra promoci\u00f3n Thirsty Thursdays, donde podr\u00e1 disfrutar de una cerveza de barril helada a $4, [&hellip;]<\/p>\n","protected":false},"author":2,"featured_media":0,"parent":4541,"menu_order":0,"comment_status":"closed","ping_status":"closed","template":"","meta":{"_acf_changed":false,"inline_featured_image":false,"footnotes":""},"class_list":["post-8565","page","type-page","status-publish","hentry"],"acf":[],"_links":{"self":[{"href":"https:\/\/vvch.innovisionwebsites.com\/es\/wp-json\/wp\/v2\/pages\/8565","targetHints":{"allow":["GET"]}}],"collection":[{"href":"https:\/\/vvch.innovisionwebsites.com\/es\/wp-json\/wp\/v2\/pages"}],"about":[{"href":"https:\/\/vvch.innovisionwebsites.com\/es\/wp-json\/wp\/v2\/types\/page"}],"author":[{"embeddable":true,"href":"https:\/\/vvch.innovisionwebsites.com\/es\/wp-json\/wp\/v2\/users\/2"}],"replies":[{"embeddable":true,"href":"https:\/\/vvch.innovisionwebsites.com\/es\/wp-json\/wp\/v2\/comments?post=8565"}],"version-history":[{"count":16,"href":"https:\/\/vvch.innovisionwebsites.com\/es\/wp-json\/wp\/v2\/pages\/8565\/revisions"}],"predecessor-version":[{"id":10251,"href":"https:\/\/vvch.innovisionwebsites.com\/es\/wp-json\/wp\/v2\/pages\/8565\/revisions\/10251"}],"up":[{"embeddable":true,"href":"https:\/\/vvch.innovisionwebsites.com\/es\/wp-json\/wp\/v2\/pages\/4541"}],"wp:attachment":[{"href":"https:\/\/vvch.innovisionwebsites.com\/es\/wp-json\/wp\/v2\/media?parent=8565"}],"curies":[{"name":"wp","href":"https:\/\/api.w.org\/{rel}","templated":true}]}}