{"id":8567,"date":"2025-04-16T12:17:19","date_gmt":"2025-04-16T19:17:19","guid":{"rendered":"https:\/\/vvch.innovisionwebsites.com\/promociones\/the-winning-weekend\/"},"modified":"2025-04-29T13:31:08","modified_gmt":"2025-04-29T20:31:08","slug":"the-winning-weekend","status":"publish","type":"page","link":"https:\/\/vvch.innovisionwebsites.com\/es\/promociones\/the-winning-weekend\/","title":{"rendered":"The Winning Weekend"},"content":{"rendered":"\t\t<div data-elementor-type=\"wp-page\" data-elementor-id=\"8567\" class=\"elementor elementor-8567 elementor-5136\" data-elementor-post-type=\"page\">\n\t\t\t\t<div class=\"elementor-element elementor-element-81b6dfd e-con-full hero-child-pages e-flex e-con e-parent\" data-id=\"81b6dfd\" data-element_type=\"container\" data-e-type=\"container\" data-settings=\"{&quot;background_background&quot;:&quot;classic&quot;}\">\n\t\t<div class=\"elementor-element elementor-element-1a6ab31 e-flex e-con-boxed e-con e-child\" data-id=\"1a6ab31\" data-element_type=\"container\" data-e-type=\"container\" data-settings=\"{&quot;background_background&quot;:&quot;gradient&quot;}\">\n\t\t\t\t\t<div class=\"e-con-inner\">\n\t\t\t\t<div class=\"elementor-element elementor-element-d31ed29 gradient-text elementor-invisible elementor-widget elementor-widget-heading\" data-id=\"d31ed29\" data-element_type=\"widget\" data-e-type=\"widget\" data-settings=\"{&quot;_animation&quot;:&quot;fadeInUp&quot;}\" data-widget_type=\"heading.default\">\n\t\t\t\t<div class=\"elementor-widget-container\">\n\t\t\t\t\t<h1 class=\"elementor-heading-title elementor-size-default\">The Winning Weekend<\/h1>\t\t\t\t<\/div>\n\t\t\t\t<\/div>\n\t\t\t\t\t<\/div>\n\t\t\t\t<\/div>\n\t\t\t\t<\/div>\n\t\t<div class=\"elementor-element elementor-element-9b7c027 e-flex e-con-boxed e-con e-parent\" data-id=\"9b7c027\" data-element_type=\"container\" data-e-type=\"container\">\n\t\t\t\t\t<div class=\"e-con-inner\">\n\t\t<div class=\"elementor-element elementor-element-ddb2507 e-con-full e-flex e-con e-child\" data-id=\"ddb2507\" data-element_type=\"container\" data-e-type=\"container\">\n\t\t<div class=\"elementor-element elementor-element-2ca4a0d e-con-full e-flex e-con e-child\" data-id=\"2ca4a0d\" data-element_type=\"container\" data-e-type=\"container\">\n\t\t<div class=\"elementor-element elementor-element-6184052 e-con-full e-flex elementor-invisible e-con e-child\" data-id=\"6184052\" data-element_type=\"container\" data-e-type=\"container\" data-settings=\"{&quot;animation&quot;:&quot;fadeInRight&quot;,&quot;animation_tablet&quot;:&quot;fadeIn&quot;}\">\n\t\t\t\t<div class=\"elementor-element elementor-element-5967802 elementor-widget elementor-widget-image\" data-id=\"5967802\" data-element_type=\"widget\" data-e-type=\"widget\" data-widget_type=\"image.default\">\n\t\t\t\t<div class=\"elementor-widget-container\">\n\t\t\t\t\t\t\t\t\t\t\t\t\t\t\t<img fetchpriority=\"high\" decoding=\"async\" width=\"800\" height=\"444\" src=\"https:\/\/vvch.innovisionwebsites.com\/wp-content\/uploads\/2025\/04\/Win-1024x568.jpg\" class=\"attachment-large size-large wp-image-5970\" alt=\"Winning Weekend May 2025\" srcset=\"https:\/\/vvch.innovisionwebsites.com\/wp-content\/uploads\/2025\/04\/Win-1024x568.jpg 1024w, https:\/\/vvch.innovisionwebsites.com\/wp-content\/uploads\/2025\/04\/Win-300x166.jpg 300w, https:\/\/vvch.innovisionwebsites.com\/wp-content\/uploads\/2025\/04\/Win-768x426.jpg 768w, https:\/\/vvch.innovisionwebsites.com\/wp-content\/uploads\/2025\/04\/Win.jpg 1094w\" sizes=\"(max-width: 800px) 100vw, 800px\" \/>\t\t\t\t\t\t\t\t\t\t\t\t\t\t\t<\/div>\n\t\t\t\t<\/div>\n\t\t\t\t<\/div>\n\t\t<div class=\"elementor-element elementor-element-62547cb e-con-full e-flex elementor-invisible e-con e-child\" data-id=\"62547cb\" data-element_type=\"container\" data-e-type=\"container\" data-settings=\"{&quot;animation&quot;:&quot;fadeInLeft&quot;,&quot;animation_tablet&quot;:&quot;fadeIn&quot;}\">\n\t\t\t\t<div class=\"elementor-element elementor-element-b5b1e43 elementor-widget elementor-widget-image\" data-id=\"b5b1e43\" data-element_type=\"widget\" data-e-type=\"widget\" data-widget_type=\"image.default\">\n\t\t\t\t<div class=\"elementor-widget-container\">\n\t\t\t\t\t\t\t\t\t\t\t\t\t\t\t<img decoding=\"async\" width=\"800\" height=\"535\" src=\"https:\/\/vvch.innovisionwebsites.com\/wp-content\/uploads\/2025\/04\/The-Winning-Weekend-Logo-Green-1024x685.png\" class=\"attachment-large size-large wp-image-5712\" alt=\"Winning Weekend Logo\" srcset=\"https:\/\/vvch.innovisionwebsites.com\/wp-content\/uploads\/2025\/04\/The-Winning-Weekend-Logo-Green-1024x685.png 1024w, https:\/\/vvch.innovisionwebsites.com\/wp-content\/uploads\/2025\/04\/The-Winning-Weekend-Logo-Green-300x201.png 300w, https:\/\/vvch.innovisionwebsites.com\/wp-content\/uploads\/2025\/04\/The-Winning-Weekend-Logo-Green-768x514.png 768w, https:\/\/vvch.innovisionwebsites.com\/wp-content\/uploads\/2025\/04\/The-Winning-Weekend-Logo-Green-1536x1027.png 1536w, https:\/\/vvch.innovisionwebsites.com\/wp-content\/uploads\/2025\/04\/The-Winning-Weekend-Logo-Green-2048x1370.png 2048w\" sizes=\"(max-width: 800px) 100vw, 800px\" \/>\t\t\t\t\t\t\t\t\t\t\t\t\t\t\t<\/div>\n\t\t\t\t<\/div>\n\t\t\t\t<div class=\"elementor-element elementor-element-a9ab4f2 elementor-widget elementor-widget-heading\" data-id=\"a9ab4f2\" data-element_type=\"widget\" data-e-type=\"widget\" data-widget_type=\"heading.default\">\n\t\t\t\t<div class=\"elementor-widget-container\">\n\t\t\t\t\t<h2 class=\"elementor-heading-title elementor-size-default\">NO SE PIERDA NUESTRO EVENTO EXCLUSIVO WINNING WEEKEND<\/h2>\t\t\t\t<\/div>\n\t\t\t\t<\/div>\n\t\t\t\t<div class=\"elementor-element elementor-element-59fd652 elementor-widget elementor-widget-text-editor\" data-id=\"59fd652\" data-element_type=\"widget\" data-e-type=\"widget\" data-widget_type=\"text-editor.default\">\n\t\t\t\t<div class=\"elementor-widget-container\">\n\t\t\t\t\t\t\t\t\t<p>Los invitados pasar\u00e1n su tarjeta de El Club de Jugadores en nuestros <a href=\"https:\/\/vvch.innovisionwebsites.com\/es\/promociones\/guest-service-kiosks\/\">quioscos de servicio<\/a> al cliente para recibir $25 al instante durante nuestro evento Winning Weekend que tendr\u00e1 lugar el s\u00e1bado 10 de mayo y el domingo 11 de mayo. Cada invitado puede participar en uno o ambos d\u00edas. <\/p><p>Visite nuestro <a href=\"https:\/\/vvch.innovisionwebsites.com\/es\/el-club\/el-club-de-jugadores\/\">Club de Jugadores<\/a> para saber c\u00f3mo puede recibir una invitaci\u00f3n.<\/p>\t\t\t\t\t\t\t\t<\/div>\n\t\t\t\t<\/div>\n\t\t\t\t<\/div>\n\t\t\t\t<\/div>\n\t\t\t\t<\/div>\n\t\t<div class=\"elementor-element elementor-element-9c5f2cd e-con-full e-flex e-con e-child\" data-id=\"9c5f2cd\" data-element_type=\"container\" data-e-type=\"container\">\n\t\t\t\t<\/div>\n\t\t\t\t\t<\/div>\n\t\t\t\t<\/div>\n\t\t\t\t<\/div>\n\t\t","protected":false},"excerpt":{"rendered":"<p>NO SE PIERDA NUESTRO EVENTO EXCLUSIVO WINNING WEEKEND Los invitados pasar\u00e1n su tarjeta de El Club de Jugadores en nuestros quioscos de servicio al cliente para recibir $25 al instante [&hellip;]<\/p>\n","protected":false},"author":4,"featured_media":0,"parent":4541,"menu_order":0,"comment_status":"closed","ping_status":"closed","template":"","meta":{"_acf_changed":false,"inline_featured_image":false,"footnotes":""},"class_list":["post-8567","page","type-page","status-publish","hentry"],"acf":[],"_links":{"self":[{"href":"https:\/\/vvch.innovisionwebsites.com\/es\/wp-json\/wp\/v2\/pages\/8567","targetHints":{"allow":["GET"]}}],"collection":[{"href":"https:\/\/vvch.innovisionwebsites.com\/es\/wp-json\/wp\/v2\/pages"}],"about":[{"href":"https:\/\/vvch.innovisionwebsites.com\/es\/wp-json\/wp\/v2\/types\/page"}],"author":[{"embeddable":true,"href":"https:\/\/vvch.innovisionwebsites.com\/es\/wp-json\/wp\/v2\/users\/4"}],"replies":[{"embeddable":true,"href":"https:\/\/vvch.innovisionwebsites.com\/es\/wp-json\/wp\/v2\/comments?post=8567"}],"version-history":[{"count":2,"href":"https:\/\/vvch.innovisionwebsites.com\/es\/wp-json\/wp\/v2\/pages\/8567\/revisions"}],"predecessor-version":[{"id":8677,"href":"https:\/\/vvch.innovisionwebsites.com\/es\/wp-json\/wp\/v2\/pages\/8567\/revisions\/8677"}],"up":[{"embeddable":true,"href":"https:\/\/vvch.innovisionwebsites.com\/es\/wp-json\/wp\/v2\/pages\/4541"}],"wp:attachment":[{"href":"https:\/\/vvch.innovisionwebsites.com\/es\/wp-json\/wp\/v2\/media?parent=8567"}],"curies":[{"name":"wp","href":"https:\/\/api.w.org\/{rel}","templated":true}]}}