{"id":8611,"date":"2024-12-11T10:51:33","date_gmt":"2024-12-11T18:51:33","guid":{"rendered":"https:\/\/vvch.innovisionwebsites.com\/promociones\/pick-three-thursdays\/"},"modified":"2025-04-29T12:48:53","modified_gmt":"2025-04-29T19:48:53","slug":"pick-three-thursdays","status":"publish","type":"page","link":"https:\/\/vvch.innovisionwebsites.com\/es\/promociones\/pick-three-thursdays\/","title":{"rendered":"Pick Three Thursdays"},"content":{"rendered":"\t\t<div data-elementor-type=\"wp-page\" data-elementor-id=\"8611\" class=\"elementor elementor-8611 elementor-501\" data-elementor-post-type=\"page\">\n\t\t\t\t<div class=\"elementor-element elementor-element-7c6cb32 e-con-full hero-child-pages e-flex e-con e-parent\" data-id=\"7c6cb32\" data-element_type=\"container\" data-e-type=\"container\" data-settings=\"{&quot;background_background&quot;:&quot;classic&quot;}\">\n\t\t<div class=\"elementor-element elementor-element-4d4e860 e-flex e-con-boxed e-con e-child\" data-id=\"4d4e860\" data-element_type=\"container\" data-e-type=\"container\" data-settings=\"{&quot;background_background&quot;:&quot;gradient&quot;}\">\n\t\t\t\t\t<div class=\"e-con-inner\">\n\t\t\t\t<div class=\"elementor-element elementor-element-5d5ddad gradient-text elementor-invisible elementor-widget elementor-widget-heading\" data-id=\"5d5ddad\" data-element_type=\"widget\" data-e-type=\"widget\" data-settings=\"{&quot;_animation&quot;:&quot;fadeInUp&quot;}\" data-widget_type=\"heading.default\">\n\t\t\t\t<div class=\"elementor-widget-container\">\n\t\t\t\t\t<h1 class=\"elementor-heading-title elementor-size-default\">500.000$ ELIGE TRES JUEVES<\/h1>\t\t\t\t<\/div>\n\t\t\t\t<\/div>\n\t\t\t\t\t<\/div>\n\t\t\t\t<\/div>\n\t\t\t\t<\/div>\n\t\t<div class=\"elementor-element elementor-element-56d8eeb e-flex e-con-boxed e-con e-parent\" data-id=\"56d8eeb\" data-element_type=\"container\" data-e-type=\"container\">\n\t\t\t\t\t<div class=\"e-con-inner\">\n\t\t<div class=\"elementor-element elementor-element-650be48 e-con-full e-flex e-con e-child\" data-id=\"650be48\" data-element_type=\"container\" data-e-type=\"container\">\n\t\t<div class=\"elementor-element elementor-element-9b1b3b5 e-con-full e-flex e-con e-child\" data-id=\"9b1b3b5\" data-element_type=\"container\" data-e-type=\"container\">\n\t\t<div class=\"elementor-element elementor-element-1efdc3c e-con-full e-flex elementor-invisible e-con e-child\" data-id=\"1efdc3c\" data-element_type=\"container\" data-e-type=\"container\" data-settings=\"{&quot;animation&quot;:&quot;fadeInRight&quot;,&quot;animation_tablet&quot;:&quot;fadeIn&quot;}\">\n\t\t\t\t<div class=\"elementor-element elementor-element-8322d7b elementor-widget elementor-widget-image\" data-id=\"8322d7b\" data-element_type=\"widget\" data-e-type=\"widget\" data-widget_type=\"image.default\">\n\t\t\t\t<div class=\"elementor-widget-container\">\n\t\t\t\t\t\t\t\t\t\t\t\t\t\t\t<img fetchpriority=\"high\" decoding=\"async\" width=\"800\" height=\"444\" src=\"https:\/\/vvch.innovisionwebsites.com\/wp-content\/uploads\/2025\/04\/500K-Pick-Three-Thursday-1024x568.jpg\" class=\"attachment-large size-large wp-image-5946\" alt=\"$500K Pick Three Thursday May 2025\" srcset=\"https:\/\/vvch.innovisionwebsites.com\/wp-content\/uploads\/2025\/04\/500K-Pick-Three-Thursday-1024x568.jpg 1024w, https:\/\/vvch.innovisionwebsites.com\/wp-content\/uploads\/2025\/04\/500K-Pick-Three-Thursday-300x166.jpg 300w, https:\/\/vvch.innovisionwebsites.com\/wp-content\/uploads\/2025\/04\/500K-Pick-Three-Thursday-768x426.jpg 768w, https:\/\/vvch.innovisionwebsites.com\/wp-content\/uploads\/2025\/04\/500K-Pick-Three-Thursday.jpg 1094w\" sizes=\"(max-width: 800px) 100vw, 800px\" \/>\t\t\t\t\t\t\t\t\t\t\t\t\t\t\t<\/div>\n\t\t\t\t<\/div>\n\t\t\t\t<\/div>\n\t\t<div class=\"elementor-element elementor-element-d80e681 e-con-full e-flex elementor-invisible e-con e-child\" data-id=\"d80e681\" data-element_type=\"container\" data-e-type=\"container\" data-settings=\"{&quot;animation&quot;:&quot;fadeInLeft&quot;,&quot;animation_tablet&quot;:&quot;fadeIn&quot;}\">\n\t\t<div class=\"elementor-element elementor-element-4e73ccb e-con-full e-flex e-con e-child\" data-id=\"4e73ccb\" data-element_type=\"container\" data-e-type=\"container\">\n\t\t\t\t<div class=\"elementor-element elementor-element-ac57d91 elementor-widget elementor-widget-image\" data-id=\"ac57d91\" data-element_type=\"widget\" data-e-type=\"widget\" data-widget_type=\"image.default\">\n\t\t\t\t<div class=\"elementor-widget-container\">\n\t\t\t\t\t\t\t\t\t\t\t\t\t\t\t<img decoding=\"async\" width=\"800\" height=\"523\" src=\"https:\/\/vvch.innovisionwebsites.com\/wp-content\/uploads\/2025\/04\/500000-Pick-Three-Logo-Final-Plain-1024x669.png\" class=\"attachment-large size-large wp-image-5671\" alt=\"$500,000 pick three thursday logo\" srcset=\"https:\/\/vvch.innovisionwebsites.com\/wp-content\/uploads\/2025\/04\/500000-Pick-Three-Logo-Final-Plain-1024x669.png 1024w, https:\/\/vvch.innovisionwebsites.com\/wp-content\/uploads\/2025\/04\/500000-Pick-Three-Logo-Final-Plain-300x196.png 300w, https:\/\/vvch.innovisionwebsites.com\/wp-content\/uploads\/2025\/04\/500000-Pick-Three-Logo-Final-Plain-768x502.png 768w, https:\/\/vvch.innovisionwebsites.com\/wp-content\/uploads\/2025\/04\/500000-Pick-Three-Logo-Final-Plain-1536x1004.png 1536w, https:\/\/vvch.innovisionwebsites.com\/wp-content\/uploads\/2025\/04\/500000-Pick-Three-Logo-Final-Plain-2048x1339.png 2048w\" sizes=\"(max-width: 800px) 100vw, 800px\" \/>\t\t\t\t\t\t\t\t\t\t\t\t\t\t\t<\/div>\n\t\t\t\t<\/div>\n\t\t\t\t<\/div>\n\t\t\t\t<div class=\"elementor-element elementor-element-02d5a94 elementor-widget elementor-widget-heading\" data-id=\"02d5a94\" data-element_type=\"widget\" data-e-type=\"widget\" data-widget_type=\"heading.default\">\n\t\t\t\t<div class=\"elementor-widget-container\">\n\t\t\t\t\t<h2 class=\"elementor-heading-title elementor-size-default\">PODR\u00cdA GANARSE $500,000 CON ESTA PROMOCI\u00d3N SEMANAL<\/h2>\t\t\t\t<\/div>\n\t\t\t\t<\/div>\n\t\t\t\t<div class=\"elementor-element elementor-element-7b2dab3 elementor-widget elementor-widget-text-editor\" data-id=\"7b2dab3\" data-element_type=\"widget\" data-e-type=\"widget\" data-widget_type=\"text-editor.default\">\n\t\t\t\t<div class=\"elementor-widget-container\">\n\t\t\t\t\t\t\t\t\t<p>Participe en nuestra promoci\u00f3n $500,000 Pick Three Thursdays donde podr\u00e1 ganar un gran premio. Cada hora, de 5pm a 8pm, cinco participantes ganar\u00e1n MOREPLAY\u00ae y luego, a las 9pm, tres invitados seleccionar\u00e1n cada uno tres sobres para tener la oportunidad de ganar $500,000. \u00a1Visite nuestro <a href=\"https:\/\/vvch.innovisionwebsites.com\/venue\/main-stage-bar\/\">Main Stage Bar<\/a> todos los jueves de 5pm a 9pm para ganar en grande!   <\/p>\t\t\t\t\t\t\t\t<\/div>\n\t\t\t\t<\/div>\n\t\t\t\t<\/div>\n\t\t\t\t<\/div>\n\t\t\t\t<\/div>\n\t\t\t\t\t<\/div>\n\t\t\t\t<\/div>\n\t\t<div class=\"elementor-element elementor-element-2716df3 e-flex e-con-boxed e-con e-parent\" data-id=\"2716df3\" data-element_type=\"container\" data-e-type=\"container\">\n\t\t\t\t\t<div class=\"e-con-inner\">\n\t\t<div class=\"elementor-element elementor-element-4f70e0a e-con-full e-flex e-con e-child\" data-id=\"4f70e0a\" data-element_type=\"container\" data-e-type=\"container\">\n\t\t\t\t<\/div>\n\t\t\t\t\t<\/div>\n\t\t\t\t<\/div>\n\t\t\t\t<\/div>\n\t\t","protected":false},"excerpt":{"rendered":"<p>500.000$ ELIGE TRES JUEVES PODR\u00cdA GANARSE $500,000 CON ESTA PROMOCI\u00d3N SEMANAL Participe en nuestra promoci\u00f3n $500,000 Pick Three Thursdays donde podr\u00e1 ganar un gran premio. Cada hora, de 5pm a [&hellip;]<\/p>\n","protected":false},"author":2,"featured_media":0,"parent":4541,"menu_order":0,"comment_status":"closed","ping_status":"closed","template":"","meta":{"_acf_changed":false,"inline_featured_image":false,"footnotes":""},"class_list":["post-8611","page","type-page","status-publish","hentry"],"acf":[],"_links":{"self":[{"href":"https:\/\/vvch.innovisionwebsites.com\/es\/wp-json\/wp\/v2\/pages\/8611","targetHints":{"allow":["GET"]}}],"collection":[{"href":"https:\/\/vvch.innovisionwebsites.com\/es\/wp-json\/wp\/v2\/pages"}],"about":[{"href":"https:\/\/vvch.innovisionwebsites.com\/es\/wp-json\/wp\/v2\/types\/page"}],"author":[{"embeddable":true,"href":"https:\/\/vvch.innovisionwebsites.com\/es\/wp-json\/wp\/v2\/users\/2"}],"replies":[{"embeddable":true,"href":"https:\/\/vvch.innovisionwebsites.com\/es\/wp-json\/wp\/v2\/comments?post=8611"}],"version-history":[{"count":1,"href":"https:\/\/vvch.innovisionwebsites.com\/es\/wp-json\/wp\/v2\/pages\/8611\/revisions"}],"predecessor-version":[{"id":8612,"href":"https:\/\/vvch.innovisionwebsites.com\/es\/wp-json\/wp\/v2\/pages\/8611\/revisions\/8612"}],"up":[{"embeddable":true,"href":"https:\/\/vvch.innovisionwebsites.com\/es\/wp-json\/wp\/v2\/pages\/4541"}],"wp:attachment":[{"href":"https:\/\/vvch.innovisionwebsites.com\/es\/wp-json\/wp\/v2\/media?parent=8611"}],"curies":[{"name":"wp","href":"https:\/\/api.w.org\/{rel}","templated":true}]}}