{"id":8613,"date":"2024-12-11T10:47:48","date_gmt":"2024-12-11T18:47:48","guid":{"rendered":"https:\/\/vvch.innovisionwebsites.com\/promociones\/mystery-envelope\/"},"modified":"2025-04-29T12:50:26","modified_gmt":"2025-04-29T19:50:26","slug":"mystery-envelope","status":"publish","type":"page","link":"https:\/\/vvch.innovisionwebsites.com\/es\/promociones\/mystery-envelope\/","title":{"rendered":"Mystery Envelope"},"content":{"rendered":"\t\t<div data-elementor-type=\"wp-page\" data-elementor-id=\"8613\" class=\"elementor elementor-8613 elementor-444\" data-elementor-post-type=\"page\">\n\t\t\t\t<div class=\"elementor-element elementor-element-99967a7 e-con-full hero-child-pages e-flex e-con e-parent\" data-id=\"99967a7\" data-element_type=\"container\" data-e-type=\"container\" data-settings=\"{&quot;background_background&quot;:&quot;classic&quot;}\">\n\t\t<div class=\"elementor-element elementor-element-16335ee e-flex e-con-boxed e-con e-child\" data-id=\"16335ee\" data-element_type=\"container\" data-e-type=\"container\" data-settings=\"{&quot;background_background&quot;:&quot;gradient&quot;}\">\n\t\t\t\t\t<div class=\"e-con-inner\">\n\t\t\t\t<div class=\"elementor-element elementor-element-838b7a1 gradient-text elementor-invisible elementor-widget elementor-widget-heading\" data-id=\"838b7a1\" data-element_type=\"widget\" data-e-type=\"widget\" data-settings=\"{&quot;_animation&quot;:&quot;fadeInUp&quot;}\" data-widget_type=\"heading.default\">\n\t\t\t\t<div class=\"elementor-widget-container\">\n\t\t\t\t\t<h1 class=\"elementor-heading-title elementor-size-default\">Mystery Envelope<\/h1>\t\t\t\t<\/div>\n\t\t\t\t<\/div>\n\t\t\t\t\t<\/div>\n\t\t\t\t<\/div>\n\t\t\t\t<\/div>\n\t\t<div class=\"elementor-element elementor-element-81aacd8 e-flex e-con-boxed e-con e-parent\" data-id=\"81aacd8\" data-element_type=\"container\" data-e-type=\"container\">\n\t\t\t\t\t<div class=\"e-con-inner\">\n\t\t<div class=\"elementor-element elementor-element-34ef1b0 e-con-full e-flex e-con e-child\" data-id=\"34ef1b0\" data-element_type=\"container\" data-e-type=\"container\">\n\t\t<div class=\"elementor-element elementor-element-b525a80 e-con-full e-flex e-con e-child\" data-id=\"b525a80\" data-element_type=\"container\" data-e-type=\"container\">\n\t\t<div class=\"elementor-element elementor-element-e7ecdec e-con-full e-flex elementor-invisible e-con e-child\" data-id=\"e7ecdec\" data-element_type=\"container\" data-e-type=\"container\" data-settings=\"{&quot;animation&quot;:&quot;fadeInRight&quot;,&quot;animation_tablet&quot;:&quot;fadeIn&quot;}\">\n\t\t\t\t<div class=\"elementor-element elementor-element-20b9424 elementor-widget elementor-widget-image\" data-id=\"20b9424\" data-element_type=\"widget\" data-e-type=\"widget\" data-widget_type=\"image.default\">\n\t\t\t\t<div class=\"elementor-widget-container\">\n\t\t\t\t\t\t\t\t\t\t\t\t\t\t\t<img fetchpriority=\"high\" decoding=\"async\" width=\"800\" height=\"444\" src=\"https:\/\/vvch.innovisionwebsites.com\/wp-content\/uploads\/2025\/04\/Mystery-Envelope-Tier-WEB-1024x568.jpg\" class=\"attachment-large size-large wp-image-5958\" alt=\"Mystery Envelope May 2025\" srcset=\"https:\/\/vvch.innovisionwebsites.com\/wp-content\/uploads\/2025\/04\/Mystery-Envelope-Tier-WEB-1024x568.jpg 1024w, https:\/\/vvch.innovisionwebsites.com\/wp-content\/uploads\/2025\/04\/Mystery-Envelope-Tier-WEB-300x166.jpg 300w, https:\/\/vvch.innovisionwebsites.com\/wp-content\/uploads\/2025\/04\/Mystery-Envelope-Tier-WEB-768x426.jpg 768w, https:\/\/vvch.innovisionwebsites.com\/wp-content\/uploads\/2025\/04\/Mystery-Envelope-Tier-WEB.jpg 1094w\" sizes=\"(max-width: 800px) 100vw, 800px\" \/>\t\t\t\t\t\t\t\t\t\t\t\t\t\t\t<\/div>\n\t\t\t\t<\/div>\n\t\t\t\t<\/div>\n\t\t<div class=\"elementor-element elementor-element-05727a7 e-con-full e-flex elementor-invisible e-con e-child\" data-id=\"05727a7\" data-element_type=\"container\" data-e-type=\"container\" data-settings=\"{&quot;animation&quot;:&quot;fadeInLeft&quot;,&quot;animation_tablet&quot;:&quot;fadeIn&quot;}\">\n\t\t<div class=\"elementor-element elementor-element-9fbcea8 e-con-full e-flex e-con e-child\" data-id=\"9fbcea8\" data-element_type=\"container\" data-e-type=\"container\">\n\t\t\t\t<div class=\"elementor-element elementor-element-11361bb elementor-widget elementor-widget-image\" data-id=\"11361bb\" data-element_type=\"widget\" data-e-type=\"widget\" data-widget_type=\"image.default\">\n\t\t\t\t<div class=\"elementor-widget-container\">\n\t\t\t\t\t\t\t\t\t\t\t\t\t\t\t<img decoding=\"async\" width=\"800\" height=\"645\" src=\"https:\/\/vvch.innovisionwebsites.com\/wp-content\/uploads\/2025\/04\/Candy-Kingdom-Logo-Final-1024x826.png\" class=\"attachment-large size-large wp-image-5673\" alt=\"\" srcset=\"https:\/\/vvch.innovisionwebsites.com\/wp-content\/uploads\/2025\/04\/Candy-Kingdom-Logo-Final-1024x826.png 1024w, https:\/\/vvch.innovisionwebsites.com\/wp-content\/uploads\/2025\/04\/Candy-Kingdom-Logo-Final-300x242.png 300w, https:\/\/vvch.innovisionwebsites.com\/wp-content\/uploads\/2025\/04\/Candy-Kingdom-Logo-Final-768x620.png 768w, https:\/\/vvch.innovisionwebsites.com\/wp-content\/uploads\/2025\/04\/Candy-Kingdom-Logo-Final-1536x1240.png 1536w, https:\/\/vvch.innovisionwebsites.com\/wp-content\/uploads\/2025\/04\/Candy-Kingdom-Logo-Final-2048x1653.png 2048w\" sizes=\"(max-width: 800px) 100vw, 800px\" \/>\t\t\t\t\t\t\t\t\t\t\t\t\t\t\t<\/div>\n\t\t\t\t<\/div>\n\t\t\t\t<\/div>\n\t\t\t\t<div class=\"elementor-element elementor-element-01b7132 elementor-widget elementor-widget-heading\" data-id=\"01b7132\" data-element_type=\"widget\" data-e-type=\"widget\" data-widget_type=\"heading.default\">\n\t\t\t\t<div class=\"elementor-widget-container\">\n\t\t\t\t\t<h2 class=\"elementor-heading-title elementor-size-default\">DESENVUELVE TU PREMIO ESTE MES<\/h2>\t\t\t\t<\/div>\n\t\t\t\t<\/div>\n\t\t\t\t<div class=\"elementor-element elementor-element-4daa278 elementor-widget elementor-widget-text-editor\" data-id=\"4daa278\" data-element_type=\"widget\" data-e-type=\"widget\" data-widget_type=\"text-editor.default\">\n\t\t\t\t<div class=\"elementor-widget-container\">\n\t\t\t\t\t\t\t\t\t<p>Los invitados traer\u00e1n su sobre misterioso sin abrir al Club de Jugadores el 24 de mayo y el 25 de mayo para revelar un premio de entre de $10- $1,000. Para aprender m\u00e1s sobre nuestra promoci\u00f3n del sobre misterioso y saber c\u00f3mo puede participar, por favor visite nuestro <a href=\"https:\/\/vvch.innovisionwebsites.com\/es\/el-club\/el-club-de-jugadores\/\">Club de Jugadores.<\/a> <\/p>\t\t\t\t\t\t\t\t<\/div>\n\t\t\t\t<\/div>\n\t\t\t\t<\/div>\n\t\t\t\t<\/div>\n\t\t\t\t<\/div>\n\t\t\t\t\t<\/div>\n\t\t\t\t<\/div>\n\t\t<div class=\"elementor-element elementor-element-791a669 e-flex e-con-boxed e-con e-parent\" data-id=\"791a669\" data-element_type=\"container\" data-e-type=\"container\">\n\t\t\t\t\t<div class=\"e-con-inner\">\n\t\t<div class=\"elementor-element elementor-element-405f4f4 e-con-full e-flex e-con e-child\" data-id=\"405f4f4\" data-element_type=\"container\" data-e-type=\"container\">\n\t\t\t\t<\/div>\n\t\t\t\t\t<\/div>\n\t\t\t\t<\/div>\n\t\t\t\t<\/div>\n\t\t","protected":false},"excerpt":{"rendered":"<p>DESENVUELVE TU PREMIO ESTE MES Los invitados traer\u00e1n su sobre misterioso sin abrir al Club de Jugadores el 24 de mayo y el 25 de mayo para revelar un premio [&hellip;]<\/p>\n","protected":false},"author":2,"featured_media":0,"parent":4541,"menu_order":0,"comment_status":"closed","ping_status":"closed","template":"","meta":{"_acf_changed":false,"inline_featured_image":false,"footnotes":""},"class_list":["post-8613","page","type-page","status-publish","hentry"],"acf":[],"_links":{"self":[{"href":"https:\/\/vvch.innovisionwebsites.com\/es\/wp-json\/wp\/v2\/pages\/8613","targetHints":{"allow":["GET"]}}],"collection":[{"href":"https:\/\/vvch.innovisionwebsites.com\/es\/wp-json\/wp\/v2\/pages"}],"about":[{"href":"https:\/\/vvch.innovisionwebsites.com\/es\/wp-json\/wp\/v2\/types\/page"}],"author":[{"embeddable":true,"href":"https:\/\/vvch.innovisionwebsites.com\/es\/wp-json\/wp\/v2\/users\/2"}],"replies":[{"embeddable":true,"href":"https:\/\/vvch.innovisionwebsites.com\/es\/wp-json\/wp\/v2\/comments?post=8613"}],"version-history":[{"count":2,"href":"https:\/\/vvch.innovisionwebsites.com\/es\/wp-json\/wp\/v2\/pages\/8613\/revisions"}],"predecessor-version":[{"id":8615,"href":"https:\/\/vvch.innovisionwebsites.com\/es\/wp-json\/wp\/v2\/pages\/8613\/revisions\/8615"}],"up":[{"embeddable":true,"href":"https:\/\/vvch.innovisionwebsites.com\/es\/wp-json\/wp\/v2\/pages\/4541"}],"wp:attachment":[{"href":"https:\/\/vvch.innovisionwebsites.com\/es\/wp-json\/wp\/v2\/media?parent=8613"}],"curies":[{"name":"wp","href":"https:\/\/api.w.org\/{rel}","templated":true}]}}