{"id":8672,"date":"2024-12-11T10:53:15","date_gmt":"2024-12-11T18:53:15","guid":{"rendered":"https:\/\/vvch.innovisionwebsites.com\/promociones\/guest-service-kiosks\/"},"modified":"2025-04-29T13:31:06","modified_gmt":"2025-04-29T20:31:06","slug":"guest-service-kiosks","status":"publish","type":"page","link":"https:\/\/vvch.innovisionwebsites.com\/es\/promociones\/guest-service-kiosks\/","title":{"rendered":"Guest Service Kiosks"},"content":{"rendered":"\t\t<div data-elementor-type=\"wp-page\" data-elementor-id=\"8672\" class=\"elementor elementor-8672 elementor-506\" data-elementor-post-type=\"page\">\n\t\t\t\t<div class=\"elementor-element elementor-element-8170b41 e-con-full hero-child-pages e-flex e-con e-parent\" data-id=\"8170b41\" data-element_type=\"container\" data-e-type=\"container\" data-settings=\"{&quot;background_background&quot;:&quot;classic&quot;}\">\n\t\t<div class=\"elementor-element elementor-element-f485a82 e-flex e-con-boxed e-con e-child\" data-id=\"f485a82\" data-element_type=\"container\" data-e-type=\"container\" data-settings=\"{&quot;background_background&quot;:&quot;gradient&quot;}\">\n\t\t\t\t\t<div class=\"e-con-inner\">\n\t\t\t\t<div class=\"elementor-element elementor-element-aa2791b gradient-text elementor-invisible elementor-widget elementor-widget-heading\" data-id=\"aa2791b\" data-element_type=\"widget\" data-e-type=\"widget\" data-settings=\"{&quot;_animation&quot;:&quot;fadeInUp&quot;}\" data-widget_type=\"heading.default\">\n\t\t\t\t<div class=\"elementor-widget-container\">\n\t\t\t\t\t<h1 class=\"elementor-heading-title elementor-size-default\">Guest Service Kiosks<\/h1>\t\t\t\t<\/div>\n\t\t\t\t<\/div>\n\t\t\t\t\t<\/div>\n\t\t\t\t<\/div>\n\t\t\t\t<\/div>\n\t\t<div class=\"elementor-element elementor-element-9d0b716 e-flex e-con-boxed e-con e-parent\" data-id=\"9d0b716\" data-element_type=\"container\" data-e-type=\"container\">\n\t\t\t\t\t<div class=\"e-con-inner\">\n\t\t<div class=\"elementor-element elementor-element-fff3905 e-con-full e-flex e-con e-child\" data-id=\"fff3905\" data-element_type=\"container\" data-e-type=\"container\">\n\t\t<div class=\"elementor-element elementor-element-6ea3441 e-con-full e-flex e-con e-child\" data-id=\"6ea3441\" data-element_type=\"container\" data-e-type=\"container\">\n\t\t<div class=\"elementor-element elementor-element-487201b e-con-full e-flex elementor-invisible e-con e-child\" data-id=\"487201b\" data-element_type=\"container\" data-e-type=\"container\" data-settings=\"{&quot;animation&quot;:&quot;fadeInRight&quot;,&quot;animation_tablet&quot;:&quot;fadeIn&quot;}\">\n\t\t\t\t<div class=\"elementor-element elementor-element-ca70ebd elementor-widget elementor-widget-image\" data-id=\"ca70ebd\" data-element_type=\"widget\" data-e-type=\"widget\" data-widget_type=\"image.default\">\n\t\t\t\t<div class=\"elementor-widget-container\">\n\t\t\t\t\t\t\t\t\t\t\t\t\t\t\t<img fetchpriority=\"high\" decoding=\"async\" width=\"800\" height=\"444\" src=\"https:\/\/vvch.innovisionwebsites.com\/wp-content\/uploads\/2025\/04\/Rewards-Kiosk-1024x568.jpg\" class=\"attachment-large size-large wp-image-5962\" alt=\"Rewards Kiosk May 2025\" srcset=\"https:\/\/vvch.innovisionwebsites.com\/wp-content\/uploads\/2025\/04\/Rewards-Kiosk-1024x568.jpg 1024w, https:\/\/vvch.innovisionwebsites.com\/wp-content\/uploads\/2025\/04\/Rewards-Kiosk-300x166.jpg 300w, https:\/\/vvch.innovisionwebsites.com\/wp-content\/uploads\/2025\/04\/Rewards-Kiosk-768x426.jpg 768w, https:\/\/vvch.innovisionwebsites.com\/wp-content\/uploads\/2025\/04\/Rewards-Kiosk.jpg 1094w\" sizes=\"(max-width: 800px) 100vw, 800px\" \/>\t\t\t\t\t\t\t\t\t\t\t\t\t\t\t<\/div>\n\t\t\t\t<\/div>\n\t\t\t\t<\/div>\n\t\t<div class=\"elementor-element elementor-element-ac55405 e-con-full e-flex elementor-invisible e-con e-child\" data-id=\"ac55405\" data-element_type=\"container\" data-e-type=\"container\" data-settings=\"{&quot;animation&quot;:&quot;fadeInLeft&quot;,&quot;animation_tablet&quot;:&quot;fadeIn&quot;}\">\n\t\t\t\t<div class=\"elementor-element elementor-element-f555afc elementor-widget elementor-widget-heading\" data-id=\"f555afc\" data-element_type=\"widget\" data-e-type=\"widget\" data-widget_type=\"heading.default\">\n\t\t\t\t<div class=\"elementor-widget-container\">\n\t\t\t\t\t<h2 class=\"elementor-heading-title elementor-size-default\">PASE SU TARJETA PARA GANAR HASTA 25 VECES LAS ENTRADAS DE LA PROMOCI\u00d3N CON NUESTROS QUIOSCOS DE SERVICIO AL CLIENTESWIPE TO RECEIVE UP TO 25X THE PROMOTION ENTRIES WITH OUR GUEST SERVICE KIOSKS<\/h2>\t\t\t\t<\/div>\n\t\t\t\t<\/div>\n\t\t\t\t<div class=\"elementor-element elementor-element-4554cc1 elementor-widget elementor-widget-text-editor\" data-id=\"4554cc1\" data-element_type=\"widget\" data-e-type=\"widget\" data-widget_type=\"text-editor.default\">\n\t\t\t\t<div class=\"elementor-widget-container\">\n\t\t\t\t\t\t\t\t\t<p>Los quioscos de servicio al cliente de Valley View Casino &amp; Hotel est\u00e1n ubicados en todo el <a href=\"https:\/\/vvch.innovisionwebsites.com\/es\/casino\/\">casino<\/a> y cuentan con todo lo que necesita para aprovechar al m\u00e1ximo su juego. Los clientes pueden visitar cualquier quiosco del casino para conocer todas nuestras promociones y sorteos exclusivos, y saber c\u00f3mo participar para ganar fant\u00e1sticos premios cada mes, incluidos <a href=\"https:\/\/vvch.innovisionwebsites.com\/es\/promociones\/the-three-cs-giveaway\/\">autos de lujo<\/a>, dinero en efectivo y m\u00e1s. <\/p><p>Adem\u00e1s, ahora, cuando pase su tarjeta de <a href=\"https:\/\/vvch.innovisionwebsites.com\/es\/el-club\/el-club-de-jugadores\/\">El Club de Jugadores<\/a> antes de jugar, activar\u00e1 su multiplicador de entradas diario para ganar 5, 10, 15, 20 o 25 veces las entradas de la promoci\u00f3n solo por jugar sus <a href=\"https:\/\/vvch.innovisionwebsites.com\/es\/casino\/tragaperras-y-juegos-de-mesa\/\">m\u00e1quinas tragamonedas<\/a> y juegos de mesa favoritos. \u00a1Aseg\u00farese de pasar su tarjeta todos los d\u00edas que juegue! <\/p><p>Para conocer m\u00e1s, solicite m\u00e1s informaci\u00f3n a cualquiera de los amigables <a href=\"https:\/\/vvch.innovisionwebsites.com\/es\/casino\/tragaperras-y-juegos-de-mesa\/\">miembros de nuestro equipo<\/a>.<\/p>\t\t\t\t\t\t\t\t<\/div>\n\t\t\t\t<\/div>\n\t\t\t\t<\/div>\n\t\t\t\t<\/div>\n\t\t\t\t<\/div>\n\t\t<div class=\"elementor-element elementor-element-83a8f26 e-con-full e-flex e-con e-child\" data-id=\"83a8f26\" data-element_type=\"container\" data-e-type=\"container\">\n\t\t\t\t<\/div>\n\t\t\t\t\t<\/div>\n\t\t\t\t<\/div>\n\t\t\t\t<\/div>\n\t\t","protected":false},"excerpt":{"rendered":"<p>PASE SU TARJETA PARA GANAR HASTA 25 VECES LAS ENTRADAS DE LA PROMOCI\u00d3N CON NUESTROS QUIOSCOS DE SERVICIO AL CLIENTESWIPE TO RECEIVE UP TO 25X THE PROMOTION ENTRIES WITH OUR [&hellip;]<\/p>\n","protected":false},"author":2,"featured_media":0,"parent":4541,"menu_order":0,"comment_status":"closed","ping_status":"closed","template":"","meta":{"_acf_changed":false,"inline_featured_image":false,"footnotes":""},"class_list":["post-8672","page","type-page","status-publish","hentry"],"acf":[],"_links":{"self":[{"href":"https:\/\/vvch.innovisionwebsites.com\/es\/wp-json\/wp\/v2\/pages\/8672","targetHints":{"allow":["GET"]}}],"collection":[{"href":"https:\/\/vvch.innovisionwebsites.com\/es\/wp-json\/wp\/v2\/pages"}],"about":[{"href":"https:\/\/vvch.innovisionwebsites.com\/es\/wp-json\/wp\/v2\/types\/page"}],"author":[{"embeddable":true,"href":"https:\/\/vvch.innovisionwebsites.com\/es\/wp-json\/wp\/v2\/users\/2"}],"replies":[{"embeddable":true,"href":"https:\/\/vvch.innovisionwebsites.com\/es\/wp-json\/wp\/v2\/comments?post=8672"}],"version-history":[{"count":2,"href":"https:\/\/vvch.innovisionwebsites.com\/es\/wp-json\/wp\/v2\/pages\/8672\/revisions"}],"predecessor-version":[{"id":8674,"href":"https:\/\/vvch.innovisionwebsites.com\/es\/wp-json\/wp\/v2\/pages\/8672\/revisions\/8674"}],"up":[{"embeddable":true,"href":"https:\/\/vvch.innovisionwebsites.com\/es\/wp-json\/wp\/v2\/pages\/4541"}],"wp:attachment":[{"href":"https:\/\/vvch.innovisionwebsites.com\/es\/wp-json\/wp\/v2\/media?parent=8672"}],"curies":[{"name":"wp","href":"https:\/\/api.w.org\/{rel}","templated":true}]}}